{"id":259209,"date":"2026-05-12T07:10:47","date_gmt":"2026-05-12T05:10:47","guid":{"rendered":"https:\/\/safekit.evidian.com\/produits\/haute-disponibilite-logiciel-clustering-application\/high-availability-technical-reference-for-rfi-and-rfp-preparation\/"},"modified":"2026-05-12T08:45:09","modified_gmt":"2026-05-12T06:45:09","slug":"reference-technique-haute-disponibilite-preparation-rfi-rfp","status":"publish","type":"page","link":"https:\/\/safekit.evidian.com\/fr\/produits\/haute-disponibilite-logiciel-clustering-application\/reference-technique-haute-disponibilite-preparation-rfi-rfp\/","title":{"rendered":"R\u00e9f\u00e9rence technique de haute disponibilit\u00e9 pour la pr\u00e9paration des RFI et RFP"},"content":{"rendered":"<div id=\"pl-259209\"  class=\"panel-layout\" ><div id=\"pg-259209-0\"  class=\"panel-grid panel-has-style\" ><div class=\"so-rounded panel-row-style panel-row-style-for-259209-0\" ><div id=\"pgc-259209-0-0\"  class=\"panel-grid-cell\" ><div id=\"panel-259209-0-0-0\" class=\"so-panel widget widget_sow-editor panel-first-child panel-last-child\" data-index=\"0\" ><div class=\"panel-widget-style panel-widget-style-for-259209-0-0-0\" ><div\n\t\t\t\n\t\t\tclass=\"so-widget-sow-editor so-widget-sow-editor-base\"\n\t\t\t\n\t\t>\n<div class=\"siteorigin-widget-tinymce textwidget\">\n\t<h1 style=\"text-align: left; color: white; font-size: 38px;\">R\u00e9f\u00e9rence technique de haute disponibilit\u00e9 pour la pr\u00e9paration des RFI et RFP<\/h1>\n<h2 style=\"text-align: left; color: white; font-size: 26px;\">Utiliser la documentation SafeKit pour pr\u00e9parer des RFI et RFP en haute disponibilit\u00e9<\/h2>\n<\/div>\n<\/div><\/div><\/div><\/div><\/div><\/div><div id=\"pg-259209-1\"  class=\"panel-grid panel-has-style\" ><div class=\"panel-row-style panel-row-style-for-259209-1\" ><div id=\"pgc-259209-1-0\"  class=\"panel-grid-cell\" ><div id=\"panel-259209-1-0-0\" class=\"so-panel widget widget_sow-button panel-first-child\" data-index=\"1\" ><div\n\t\t\t\n\t\t\tclass=\"so-widget-sow-button so-widget-sow-button-flat-66466acb9e12-259209\"\n\t\t\t\n\t\t><div class=\"ow-button-base ow-button-align-center\"\n>\n\t\t\t<a\n\t\t\t\t\thref=\"https:\/\/safekit.evidian.com\/wp-content\/uploads\/documents\/safekit-technical-overview-fr.docx\"\n\t\t\t\t\tclass=\"sowb-button ow-icon-placement-left ow-button-hover\" download=\"\" \t>\n\t\t<span>\n\t\t\t\n\t\t\tT\u00e9l\u00e9charger la r\u00e9f\u00e9rence technique RFI\/RFP (DOCX)\t\t<\/span>\n\t\t\t<\/a>\n\t<\/div>\n<\/div><\/div><div id=\"panel-259209-1-0-1\" class=\"so-panel widget widget_sow-editor panel-last-child\" data-index=\"2\" ><div\n\t\t\t\n\t\t\tclass=\"so-widget-sow-editor so-widget-sow-editor-base\"\n\t\t\t\n\t\t>\n<div class=\"siteorigin-widget-tinymce textwidget\">\n\t<p>\n    Ce document est fourni \u00e0 titre de <strong>r\u00e9f\u00e9rence technique<\/strong> pour accompagner les organisations dans la <strong>pr\u00e9paration de leurs demandes d'information (RFI) et d'appels d'offres (RFP)<\/strong> relatifs aux solutions de haute disponibilit\u00e9 et de clustering applicatif.\n<\/p>\n<p>\n    Pour faciliter ce processus, le document joint <strong>\u00ab Eviden SafeKit \u2013 Aper\u00e7u technique \u00bb (DOCX)<\/strong> est fourni en tant que <strong>document d'appui<\/strong>. Il pr\u00e9sente les concepts, architectures, mod\u00e8les de d\u00e9ploiement et principes op\u00e9rationnels de SafeKit, lesquels peuvent \u00eatre utilis\u00e9s pour structurer les besoins, d\u00e9finir les crit\u00e8res d'\u00e9valuation et clarifier les attentes techniques.\n<\/p>\n<p>\n    Le fichier DOCX fourni <strong>ne constitue pas un RFI ou un RFP<\/strong>, n'\u00e9tablit aucun engagement contractuel ou d'achat, et est exclusivement destin\u00e9 \u00e0 servir de guide pour aider \u00e0 comprendre les sch\u00e9mas de conception, les capacit\u00e9s et les contraintes de la haute disponibilit\u00e9.<\/p>\n<\/div>\n<\/div><\/div><\/div><\/div><\/div><div id=\"pg-259209-2\"  class=\"panel-grid panel-has-style\" ><div class=\"panel-row-style panel-row-style-for-259209-2\" ><div id=\"pgc-259209-2-0\"  class=\"panel-grid-cell\" ><div id=\"panel-259209-2-0-0\" class=\"so-panel widget widget_sow-editor panel-first-child panel-last-child\" data-index=\"3\" ><div\n\t\t\t\n\t\t\tclass=\"so-widget-sow-editor so-widget-sow-editor-base\"\n\t\t\t\n\t\t>\n<div class=\"siteorigin-widget-tinymce textwidget\">\n\t<div data-post-id=\"246517\" class=\"insert-page insert-page-246517 \"><div id=\"pl-246579\"  class=\"panel-layout\" ><div id=\"pg-246579-0\"  class=\"panel-grid panel-has-style\" ><div class=\"panel-row-style panel-row-style-for-246579-0\" ><div id=\"pgc-246579-0-0\"  class=\"panel-grid-cell\" ><div id=\"panel-246579-0-0-0\" class=\"so-panel widget widget_sow-editor panel-first-child panel-last-child\" data-index=\"0\" ><div\n\t\t\t\n\t\t\tclass=\"so-widget-sow-editor so-widget-sow-editor-base\"\n\t\t\t\n\t\t>\n<div class=\"siteorigin-widget-tinymce textwidget\">\n\t<article>\n<header>\n<h2 id=\"hub\">\ud83d\udd0d Hub de navigation SafeKit Haute Disponibilit\u00e9<\/h2>\n<\/header>\n<div class=\"table-container-mobile\">\n<table class=\"border vertical-middle\">\n<caption>Explorez SafeKit : fonctionnalit\u00e9s, vid\u00e9os techniques, documentation et essai gratuit<\/caption>\n<thead>\n<tr>\n<th scope=\"col\">Type de ressource<\/th>\n<th scope=\"col\">Description<\/th>\n<th scope=\"col\">Lien direct<\/th>\n<\/tr>\n<\/thead>\n<tbody>\n<tr>\n<th scope=\"row\"><strong>Fonctionnalit\u00e9s cl\u00e9s<\/strong><\/th>\n<td>Pourquoi choisir SafeKit pour une haute disponibilit\u00e9 simple et \u00e9conomique ?<\/td>\n<td><a title=\"D\u00e9couvrez les fonctionnalit\u00e9s de SafeKit pour une haute disponibilit\u00e9 simple et \u00e9conomique\" href=\"\/fr\/produits\/haute-disponibilite-logiciel-clustering-application\/#why-choose-safekit-for-ha\">Voir pourquoi choisir SafeKit pour la Haute Disponibilit\u00e9<\/a><\/td>\n<\/tr>\n<tr>\n<th scope=\"row\"><strong>Mod\u00e8le de d\u00e9ploiement<\/strong><\/th>\n<td>HA SANless tout-en-un : Cluster logiciel sans partage (Shared-Nothing)<\/td>\n<td><a title=\"En savoir plus sur la haute disponibilit\u00e9 SANless tout-en-un avec cluster logiciel sans partage\" href=\"\/fr\/produits\/haute-disponibilite-logiciel-clustering-application\/#all-in-one-sanless-ha\">Voir SafeKit HA SANless tout-en-un<\/a><\/td>\n<\/tr>\n<tr>\n<th scope=\"row\"><strong>Partenaires<\/strong><\/th>\n<td>SafeKit : La r\u00e9f\u00e9rence en haute disponibilit\u00e9 pour les partenaires<\/td>\n<td><a title=\"Explorez les opportunit\u00e9s de partenariat et les solutions de r\u00e9f\u00e9rence SafeKit\" href=\"\/fr\/produits\/haute-disponibilite-logiciel-clustering-application\/#safekit-ha-benchmark-for-partners\">Voir pourquoi SafeKit est la r\u00e9f\u00e9rence HA pour les partenaires<\/a><\/td>\n<\/tr>\n<tr>\n<th scope=\"row\"><strong>Cas d'usage<\/strong><\/th>\n<td>D\u00e9couvrez comment SafeKit garantit la haute disponibilit\u00e9 des infrastructures critiques<\/td>\n<td><a title=\"D\u00e9couvrez les cas d'usage de SafeKit pour la haute disponibilit\u00e9\" href=\"\/fr\/produits\/haute-disponibilite-logiciel-clustering-application\/#safekit-use-cases\">Voir tous les cas d'usage<\/a><\/td>\n<\/tr>\n<tr>\n<th scope=\"row\"><strong>Strat\u00e9gies HA<\/strong><\/th>\n<td>SafeKit : Infrastructure (VM) vs Haute Disponibilit\u00e9 au niveau applicatif<\/td>\n<td><a title=\"Comparez la redondance au niveau VM avec les strat\u00e9gies de haute disponibilit\u00e9 au niveau applicatif de SafeKit\" href=\"\/fr\/produits\/haute-disponibilite-logiciel-clustering-application\/#safekit-ha-redundancy-choices\">Voir SafeKit HA &amp; Redondance : Niveau VM vs Niveau Applicatif<\/a><\/td>\n<\/tr>\n<tr>\n<th scope=\"row\"><strong>Sp\u00e9cifications techniques<\/strong><\/th>\n<td>Limitations techniques pour le clustering SafeKit<\/td>\n<td><a title=\"Configuration requise et limitations techniques pour le clustering d'applications SafeKit\" href=\"\/fr\/produits\/haute-disponibilite-logiciel-clustering-application\/#safekit-ha-limitations\">Voir les limitations de la Haute Disponibilit\u00e9 SafeKit<\/a><\/td>\n<\/tr>\n<tr>\n<th scope=\"row\"><strong>Preuve de concept<\/strong><\/th>\n<td>SafeKit : D\u00e9mos de configuration HA et de basculement<\/td>\n<td><a title=\"Vid\u00e9os pas \u00e0 pas sur la haute disponibilit\u00e9 SafeKit, de l'installation au basculement automatis\u00e9\" href=\"\/fr\/produits\/haute-disponibilite-logiciel-clustering-application\/#safekit-failover-tutorials\">Voir les tutoriels de basculement SafeKit<\/a><\/td>\n<\/tr>\n<tr>\n<th scope=\"row\"><strong>Architecture<\/strong><\/th>\n<td>Fonctionnement du cluster miroir SafeKit (R\u00e9plication et basculement en temps r\u00e9el)<\/td>\n<td><a title=\"D\u00e9couvrez l'architecture technique et le m\u00e9canisme de basculement du cluster miroir SafeKit\" href=\"\/fr\/produits\/haute-disponibilite-logiciel-clustering-application\/#safekit-mirror-cluster\">Voir Cluster miroir SafeKit : r\u00e9plication et basculement en temps r\u00e9el<\/a><\/td>\n<\/tr>\n<tr>\n<th scope=\"row\"><strong>Architecture<\/strong><\/th>\n<td>Fonctionnement du cluster de ferme SafeKit (R\u00e9partition de charge r\u00e9seau et basculement)<\/td>\n<td><a title=\"Pr\u00e9sentation technique de l'architecture du cluster de ferme SafeKit avec r\u00e9partition de charge r\u00e9seau\" href=\"\/fr\/produits\/haute-disponibilite-logiciel-clustering-application\/#safekit-farm-cluster\">Voir Cluster de ferme SafeKit : r\u00e9partition de charge et basculement<\/a><\/td>\n<\/tr>\n<tr>\n<th scope=\"row\"><strong>Avantages concurrentiels<\/strong><\/th>\n<td>Comparaison : SafeKit vs Clusters de Haute Disponibilit\u00e9 (HA) traditionnels<\/td>\n<td><a title=\"Comparaison d\u00e9taill\u00e9e du logiciel SafeKit par rapport aux clusters HA mat\u00e9riels traditionnels\" href=\"\/fr\/produits\/haute-disponibilite-logiciel-clustering-application\/#safekit-ha-comparison\">Voir la comparaison SafeKit vs Clusters HA traditionnels<\/a><\/td>\n<\/tr>\n<tr>\n<th scope=\"row\"><strong>Ressources techniques<\/strong><\/th>\n<td>SafeKit Haute Disponibilit\u00e9 : Documentation, t\u00e9l\u00e9chargements et essai<\/td>\n<td><a title=\"Acc\u00e9dez \u00e0 l'essai gratuit de SafeKit, \u00e0 la documentation technique et aux livres blancs sur la haute disponibilit\u00e9\" href=\"\/fr\/produits\/haute-disponibilite-logiciel-clustering-application\/#safekit-ha-technical-resources\">Voir l'essai gratuit SafeKit HA &amp; la documentation technique<\/a><\/td>\n<\/tr>\n<tr>\n<th scope=\"row\"><strong>Solutions pr\u00e9configur\u00e9es<\/strong><\/th>\n<td>Biblioth\u00e8que de modules applicatifs SafeKit : solutions HA pr\u00eates \u00e0 l'emploi<\/td>\n<td><a title=\"Parcourez la biblioth\u00e8que de modules SafeKit pr\u00e9configur\u00e9s pour le basculement automatique d'applications\" href=\"\/fr\/produits\/haute-disponibilite-logiciel-clustering-application\/#safekit-ha-application-modules\">Voir les modules applicatifs de Haute Disponibilit\u00e9 SafeKit<\/a><\/td>\n<\/tr>\n<\/tbody>\n<\/table>\n<\/div>\n<\/article>\n<\/div>\n<\/div><\/div><\/div><\/div><\/div><\/div><\/div>\n<\/div>\n<\/div><\/div><\/div><\/div><\/div><div id=\"pg-259209-3\"  class=\"panel-grid panel-has-style\" ><div class=\"panel-row-style panel-row-style-for-259209-3\" ><div id=\"pgc-259209-3-0\"  class=\"panel-grid-cell\" ><div id=\"panel-259209-3-0-0\" class=\"so-panel widget widget_sow-editor panel-first-child panel-last-child\" data-index=\"4\" ><div\n\t\t\t\n\t\t\tclass=\"so-widget-sow-editor so-widget-sow-editor-base\"\n\t\t\t\n\t\t>\n<div class=\"siteorigin-widget-tinymce textwidget\">\n\t<div data-post-id=\"71458\" class=\"insert-page insert-page-71458 \"><div id=\"pl-71459\"  class=\"panel-layout\" ><div id=\"pg-71459-0\"  class=\"panel-grid panel-has-style\" ><div class=\"panel-row-style panel-row-style-for-71459-0\" ><div id=\"pgc-71459-0-0\"  class=\"panel-grid-cell panel-grid-cell-empty\" ><\/div><div id=\"pgc-71459-0-1\"  class=\"panel-grid-cell\" ><div id=\"panel-71459-0-1-0\" class=\"so-panel widget widget_sow-button panel-first-child panel-last-child\" data-index=\"0\" ><div\n\t\t\t\n\t\t\tclass=\"so-widget-sow-button so-widget-sow-button-atom-22117c521b6b-71459\"\n\t\t\t\n\t\t><div class=\"ow-button-base ow-button-align-center\"\n>\n\t\t\t<a\n\t\t\t\t\thref=\"\/fr\/produits\/haute-disponibilite-logiciel-clustering-application\/contactez-nous-a-propos-de-safekit\/\"\n\t\t\t\t\tclass=\"sowb-button ow-icon-placement-left ow-button-hover\" target=\"_blank\" rel=\"noopener noreferrer\" \t>\n\t\t<span>\n\t\t\t\n\t\t\t\ud83e\uddd1 Nous contacter\t\t<\/span>\n\t\t\t<\/a>\n\t<\/div>\n<\/div><\/div><\/div><div id=\"pgc-71459-0-2\"  class=\"panel-grid-cell\" ><div id=\"panel-71459-0-2-0\" class=\"so-panel widget widget_sow-button panel-first-child panel-last-child\" data-index=\"1\" ><div\n\t\t\t\n\t\t\tclass=\"so-widget-sow-button so-widget-sow-button-atom-22117c521b6b-71459\"\n\t\t\t\n\t\t><div class=\"ow-button-base ow-button-align-center\"\n>\n\t\t\t<a\n\t\t\t\t\thref=\"https:\/\/safekit.evidian.com\/fr\/produits\/haute-disponibilite-logiciel-clustering-application\/essai-gratuit-safekit\/\"\n\t\t\t\t\tclass=\"sowb-button ow-icon-placement-left ow-button-hover\" target=\"_blank\" rel=\"noopener noreferrer\" \t>\n\t\t<span>\n\t\t\t\n\t\t\t\ud83c\udf81 Essai gratuit de SafeKit\t\t<\/span>\n\t\t\t<\/a>\n\t<\/div>\n<\/div><\/div><\/div><div id=\"pgc-71459-0-3\"  class=\"panel-grid-cell\" ><div id=\"panel-71459-0-3-0\" class=\"so-panel widget widget_sow-button panel-first-child panel-last-child\" data-index=\"2\" ><div\n\t\t\t\n\t\t\tclass=\"so-widget-sow-button so-widget-sow-button-atom-22117c521b6b-71459\"\n\t\t\t\n\t\t><div class=\"ow-button-base ow-button-align-center\"\n>\n\t\t\t<a\n\t\t\t\t\thref=\"https:\/\/training.my.evidian.com\/mod\/page\/view.php?id=712\"\n\t\t\t\t\tclass=\"sowb-button ow-icon-placement-left ow-button-hover\" target=\"_blank\" rel=\"noopener noreferrer\" \t>\n\t\t<span>\n\t\t\t\n\t\t\t\ud83c\udfc5 Certification gratuite\t\t<\/span>\n\t\t\t<\/a>\n\t<\/div>\n<\/div><\/div><\/div><div id=\"pgc-71459-0-4\"  class=\"panel-grid-cell panel-grid-cell-mobile-last\" ><div id=\"panel-71459-0-4-0\" class=\"so-panel widget widget_sow-button panel-first-child panel-last-child\" data-index=\"3\" ><div\n\t\t\t\n\t\t\tclass=\"so-widget-sow-button so-widget-sow-button-atom-22117c521b6b-71459\"\n\t\t\t\n\t\t><div class=\"ow-button-base ow-button-align-center\"\n>\n\t\t\t<a\n\t\t\t\t\thref=\"\/fr\/produits\/haute-disponibilite-logiciel-clustering-application\/obtenez-un-prix\/\"\n\t\t\t\t\tclass=\"sowb-button ow-icon-placement-left ow-button-hover\" target=\"_blank\" rel=\"noopener noreferrer\" \t>\n\t\t<span>\n\t\t\t\n\t\t\t\ud83d\udcb0 Prix licence perp\u00e9tuelle\t\t<\/span>\n\t\t\t<\/a>\n\t<\/div>\n<\/div><\/div><\/div><div id=\"pgc-71459-0-5\"  class=\"panel-grid-cell panel-grid-cell-empty\" ><\/div><\/div><\/div><\/div><\/div>\n<\/div>\n<\/div><\/div><\/div><\/div><\/div><\/div>","protected":false},"excerpt":{"rendered":"R\u00e9f\u00e9rence technique de haute disponibilit\u00e9 pour la pr\u00e9paration des RFI et RFP Utiliser la documentation SafeKit pour pr\u00e9parer des RFI et RFP en haute disponibilit\u00e9 Ce document est fourni \u00e0 titre de r\u00e9f\u00e9rence technique pour accompagner les organisations dans la pr\u00e9paration de leurs demandes d'information (RFI) et d'appels d'offres (RFP) relatifs aux solutions de haute [&hellip;]","protected":false},"author":3,"featured_media":0,"parent":4303,"menu_order":0,"comment_status":"closed","ping_status":"closed","template":"","meta":{"_acf_changed":false,"_lmt_disableupdate":"no","_lmt_disable":"","footnotes":""},"class_list":["post-259209","page","type-page","status-publish","hentry"],"acf":[],"yoast_head":"<!-- This site is optimized with the Yoast SEO plugin v27.5 - https:\/\/yoast.com\/product\/yoast-seo-wordpress\/ -->\n<title>R\u00e9f\u00e9rence technique de haute disponibilit\u00e9 pour la pr\u00e9paration des RFI et RFP - SafeKit HA<\/title>\n<meta name=\"description\" content=\"R\u00e9f\u00e9rence technique pour la pr\u00e9paration de RFI et RFP en haute disponibilit\u00e9 et clustering applicatif, bas\u00e9e sur SafeKit.\" \/>\n<meta name=\"robots\" content=\"index, follow, max-snippet:-1, max-image-preview:large, max-video-preview:-1\" \/>\n<link rel=\"canonical\" href=\"https:\/\/safekit.evidian.com\/fr\/produits\/haute-disponibilite-logiciel-clustering-application\/reference-technique-haute-disponibilite-preparation-rfi-rfp\/\" \/>\n<meta property=\"og:locale\" content=\"fr_FR\" \/>\n<meta property=\"og:type\" content=\"article\" \/>\n<meta property=\"og:title\" content=\"R\u00e9f\u00e9rence technique de haute disponibilit\u00e9 pour la pr\u00e9paration des RFI et RFP - SafeKit HA\" \/>\n<meta property=\"og:description\" content=\"R\u00e9f\u00e9rence technique pour la pr\u00e9paration de RFI et RFP en haute disponibilit\u00e9 et clustering applicatif, bas\u00e9e sur SafeKit.\" \/>\n<meta property=\"og:url\" content=\"https:\/\/safekit.evidian.com\/fr\/produits\/haute-disponibilite-logiciel-clustering-application\/reference-technique-haute-disponibilite-preparation-rfi-rfp\/\" \/>\n<meta property=\"og:site_name\" content=\"SafeKit HA\" \/>\n<meta property=\"article:modified_time\" content=\"2026-05-12T06:45:09+00:00\" \/>\n<meta name=\"twitter:label1\" content=\"Dur\u00e9e de lecture estim\u00e9e\" \/>\n\t<meta name=\"twitter:data1\" content=\"2 minutes\" \/>\n<script type=\"application\/ld+json\" class=\"yoast-schema-graph\">{\"@context\":\"https:\\\/\\\/schema.org\",\"@graph\":[{\"@type\":\"WebPage\",\"@id\":\"https:\\\/\\\/safekit.evidian.com\\\/fr\\\/produits\\\/haute-disponibilite-logiciel-clustering-application\\\/reference-technique-haute-disponibilite-preparation-rfi-rfp\\\/\",\"url\":\"https:\\\/\\\/safekit.evidian.com\\\/fr\\\/produits\\\/haute-disponibilite-logiciel-clustering-application\\\/reference-technique-haute-disponibilite-preparation-rfi-rfp\\\/\",\"name\":\"R\u00e9f\u00e9rence technique de haute disponibilit\u00e9 pour la pr\u00e9paration des RFI et RFP - SafeKit HA\",\"isPartOf\":{\"@id\":\"https:\\\/\\\/safekit.evidian.com\\\/fr\\\/#website\"},\"datePublished\":\"2026-05-12T05:10:47+00:00\",\"dateModified\":\"2026-05-12T06:45:09+00:00\",\"description\":\"R\u00e9f\u00e9rence technique pour la pr\u00e9paration de RFI et RFP en haute disponibilit\u00e9 et clustering applicatif, bas\u00e9e sur SafeKit.\",\"breadcrumb\":{\"@id\":\"https:\\\/\\\/safekit.evidian.com\\\/fr\\\/produits\\\/haute-disponibilite-logiciel-clustering-application\\\/reference-technique-haute-disponibilite-preparation-rfi-rfp\\\/#breadcrumb\"},\"inLanguage\":\"fr-FR\",\"potentialAction\":[{\"@type\":\"ReadAction\",\"target\":[\"https:\\\/\\\/safekit.evidian.com\\\/fr\\\/produits\\\/haute-disponibilite-logiciel-clustering-application\\\/reference-technique-haute-disponibilite-preparation-rfi-rfp\\\/\"]}]},{\"@type\":\"BreadcrumbList\",\"@id\":\"https:\\\/\\\/safekit.evidian.com\\\/fr\\\/produits\\\/haute-disponibilite-logiciel-clustering-application\\\/reference-technique-haute-disponibilite-preparation-rfi-rfp\\\/#breadcrumb\",\"itemListElement\":[{\"@type\":\"ListItem\",\"position\":1,\"name\":\"Eviden\",\"item\":\"https:\\\/\\\/safekit.evidian.com\\\/fr\\\/\"},{\"@type\":\"ListItem\",\"position\":2,\"name\":\"Produits\",\"item\":\"https:\\\/\\\/safekit.evidian.com\\\/fr\\\/produits\\\/\"},{\"@type\":\"ListItem\",\"position\":3,\"name\":\"SafeKit : logiciel tout-en-un de haute disponibilit\u00e9 \u00ab SANless \u00bb et de clustering d'applications\",\"item\":\"https:\\\/\\\/safekit.evidian.com\\\/fr\\\/\"},{\"@type\":\"ListItem\",\"position\":4,\"name\":\"R\u00e9f\u00e9rence technique de haute disponibilit\u00e9 pour la pr\u00e9paration des RFI et RFP\"}]},{\"@type\":\"WebSite\",\"@id\":\"https:\\\/\\\/safekit.evidian.com\\\/fr\\\/#website\",\"url\":\"https:\\\/\\\/safekit.evidian.com\\\/fr\\\/\",\"name\":\"SafeKit HA\",\"description\":\"SafeKit HA: Simple, SANless, and Software-Only High Availability\",\"publisher\":{\"@id\":\"https:\\\/\\\/safekit.evidian.com\\\/fr\\\/#organization\"},\"potentialAction\":[{\"@type\":\"SearchAction\",\"target\":{\"@type\":\"EntryPoint\",\"urlTemplate\":\"https:\\\/\\\/safekit.evidian.com\\\/fr\\\/?s={search_term_string}\"},\"query-input\":{\"@type\":\"PropertyValueSpecification\",\"valueRequired\":true,\"valueName\":\"search_term_string\"}}],\"inLanguage\":\"fr-FR\"},{\"@type\":\"Organization\",\"@id\":\"https:\\\/\\\/safekit.evidian.com\\\/fr\\\/#organization\",\"name\":\"Eviden\",\"url\":\"https:\\\/\\\/safekit.evidian.com\\\/fr\\\/\",\"logo\":{\"@type\":\"ImageObject\",\"inLanguage\":\"fr-FR\",\"@id\":\"https:\\\/\\\/safekit.evidian.com\\\/fr\\\/#\\\/schema\\\/logo\\\/image\\\/\",\"url\":\"\",\"contentUrl\":\"\",\"caption\":\"Eviden\"},\"image\":{\"@id\":\"https:\\\/\\\/safekit.evidian.com\\\/fr\\\/#\\\/schema\\\/logo\\\/image\\\/\"},\"sameAs\":[\"https:\\\/\\\/www.linkedin.com\\\/showcase\\\/eviden-cybersecurity\\\/\",\"https:\\\/\\\/www.youtube.com\\\/channel\\\/UCJKPuw2SDVNYUjZEJyLbIAA\"]}]}<\/script>\n<!-- \/ Yoast SEO plugin. -->","yoast_head_json":{"title":"R\u00e9f\u00e9rence technique de haute disponibilit\u00e9 pour la pr\u00e9paration des RFI et RFP - SafeKit HA","description":"R\u00e9f\u00e9rence technique pour la pr\u00e9paration de RFI et RFP en haute disponibilit\u00e9 et clustering applicatif, bas\u00e9e sur SafeKit.","robots":{"index":"index","follow":"follow","max-snippet":"max-snippet:-1","max-image-preview":"max-image-preview:large","max-video-preview":"max-video-preview:-1"},"canonical":"https:\/\/safekit.evidian.com\/fr\/produits\/haute-disponibilite-logiciel-clustering-application\/reference-technique-haute-disponibilite-preparation-rfi-rfp\/","og_locale":"fr_FR","og_type":"article","og_title":"R\u00e9f\u00e9rence technique de haute disponibilit\u00e9 pour la pr\u00e9paration des RFI et RFP - SafeKit HA","og_description":"R\u00e9f\u00e9rence technique pour la pr\u00e9paration de RFI et RFP en haute disponibilit\u00e9 et clustering applicatif, bas\u00e9e sur SafeKit.","og_url":"https:\/\/safekit.evidian.com\/fr\/produits\/haute-disponibilite-logiciel-clustering-application\/reference-technique-haute-disponibilite-preparation-rfi-rfp\/","og_site_name":"SafeKit HA","article_modified_time":"2026-05-12T06:45:09+00:00","twitter_misc":{"Dur\u00e9e de lecture estim\u00e9e":"2 minutes"},"schema":{"@context":"https:\/\/schema.org","@graph":[{"@type":"WebPage","@id":"https:\/\/safekit.evidian.com\/fr\/produits\/haute-disponibilite-logiciel-clustering-application\/reference-technique-haute-disponibilite-preparation-rfi-rfp\/","url":"https:\/\/safekit.evidian.com\/fr\/produits\/haute-disponibilite-logiciel-clustering-application\/reference-technique-haute-disponibilite-preparation-rfi-rfp\/","name":"R\u00e9f\u00e9rence technique de haute disponibilit\u00e9 pour la pr\u00e9paration des RFI et RFP - SafeKit HA","isPartOf":{"@id":"https:\/\/safekit.evidian.com\/fr\/#website"},"datePublished":"2026-05-12T05:10:47+00:00","dateModified":"2026-05-12T06:45:09+00:00","description":"R\u00e9f\u00e9rence technique pour la pr\u00e9paration de RFI et RFP en haute disponibilit\u00e9 et clustering applicatif, bas\u00e9e sur SafeKit.","breadcrumb":{"@id":"https:\/\/safekit.evidian.com\/fr\/produits\/haute-disponibilite-logiciel-clustering-application\/reference-technique-haute-disponibilite-preparation-rfi-rfp\/#breadcrumb"},"inLanguage":"fr-FR","potentialAction":[{"@type":"ReadAction","target":["https:\/\/safekit.evidian.com\/fr\/produits\/haute-disponibilite-logiciel-clustering-application\/reference-technique-haute-disponibilite-preparation-rfi-rfp\/"]}]},{"@type":"BreadcrumbList","@id":"https:\/\/safekit.evidian.com\/fr\/produits\/haute-disponibilite-logiciel-clustering-application\/reference-technique-haute-disponibilite-preparation-rfi-rfp\/#breadcrumb","itemListElement":[{"@type":"ListItem","position":1,"name":"Eviden","item":"https:\/\/safekit.evidian.com\/fr\/"},{"@type":"ListItem","position":2,"name":"Produits","item":"https:\/\/safekit.evidian.com\/fr\/produits\/"},{"@type":"ListItem","position":3,"name":"SafeKit : logiciel tout-en-un de haute disponibilit\u00e9 \u00ab SANless \u00bb et de clustering d'applications","item":"https:\/\/safekit.evidian.com\/fr\/"},{"@type":"ListItem","position":4,"name":"R\u00e9f\u00e9rence technique de haute disponibilit\u00e9 pour la pr\u00e9paration des RFI et RFP"}]},{"@type":"WebSite","@id":"https:\/\/safekit.evidian.com\/fr\/#website","url":"https:\/\/safekit.evidian.com\/fr\/","name":"SafeKit HA","description":"SafeKit HA: Simple, SANless, and Software-Only High Availability","publisher":{"@id":"https:\/\/safekit.evidian.com\/fr\/#organization"},"potentialAction":[{"@type":"SearchAction","target":{"@type":"EntryPoint","urlTemplate":"https:\/\/safekit.evidian.com\/fr\/?s={search_term_string}"},"query-input":{"@type":"PropertyValueSpecification","valueRequired":true,"valueName":"search_term_string"}}],"inLanguage":"fr-FR"},{"@type":"Organization","@id":"https:\/\/safekit.evidian.com\/fr\/#organization","name":"Eviden","url":"https:\/\/safekit.evidian.com\/fr\/","logo":{"@type":"ImageObject","inLanguage":"fr-FR","@id":"https:\/\/safekit.evidian.com\/fr\/#\/schema\/logo\/image\/","url":"","contentUrl":"","caption":"Eviden"},"image":{"@id":"https:\/\/safekit.evidian.com\/fr\/#\/schema\/logo\/image\/"},"sameAs":["https:\/\/www.linkedin.com\/showcase\/eviden-cybersecurity\/","https:\/\/www.youtube.com\/channel\/UCJKPuw2SDVNYUjZEJyLbIAA"]}]}},"_links":{"self":[{"href":"https:\/\/safekit.evidian.com\/fr\/wp-json\/wp\/v2\/pages\/259209","targetHints":{"allow":["GET"]}}],"collection":[{"href":"https:\/\/safekit.evidian.com\/fr\/wp-json\/wp\/v2\/pages"}],"about":[{"href":"https:\/\/safekit.evidian.com\/fr\/wp-json\/wp\/v2\/types\/page"}],"author":[{"embeddable":true,"href":"https:\/\/safekit.evidian.com\/fr\/wp-json\/wp\/v2\/users\/3"}],"replies":[{"embeddable":true,"href":"https:\/\/safekit.evidian.com\/fr\/wp-json\/wp\/v2\/comments?post=259209"}],"version-history":[{"count":3,"href":"https:\/\/safekit.evidian.com\/fr\/wp-json\/wp\/v2\/pages\/259209\/revisions"}],"predecessor-version":[{"id":259213,"href":"https:\/\/safekit.evidian.com\/fr\/wp-json\/wp\/v2\/pages\/259209\/revisions\/259213"}],"up":[{"embeddable":true,"href":"https:\/\/safekit.evidian.com\/fr\/wp-json\/wp\/v2\/pages\/4303"}],"wp:attachment":[{"href":"https:\/\/safekit.evidian.com\/fr\/wp-json\/wp\/v2\/media?parent=259209"}],"curies":[{"name":"wp","href":"https:\/\/api.w.org\/{rel}","templated":true}]}}