{"id":239029,"date":"2024-09-16T08:22:50","date_gmt":"2024-09-16T06:22:50","guid":{"rendered":"https:\/\/safekit.evidian.com\/produits\/haute-disponibilite-logiciel-clustering-application\/safekit-user-guide-82\/"},"modified":"2026-04-22T09:43:06","modified_gmt":"2026-04-22T07:43:06","slug":"guide-utilisateur-safekit-82","status":"publish","type":"page","link":"https:\/\/safekit.evidian.com\/fr\/produits\/haute-disponibilite-logiciel-clustering-application\/guide-utilisateur-safekit-82\/","title":{"rendered":"Guide de l'utilisateur de SafeKit 8.2"},"content":{"rendered":"<div id=\"pl-239029\"  class=\"panel-layout\" ><div id=\"pg-239029-0\"  class=\"panel-grid panel-has-style\" ><div class=\"siteorigin-panels-stretch panel-row-style panel-row-style-for-239029-0\" data-stretch-type=\"full-width-stretch\" ><div id=\"pgc-239029-0-0\"  class=\"panel-grid-cell\" ><div id=\"panel-239029-0-0-0\" class=\"widget_text so-panel widget widget_custom_html panel-first-child panel-last-child\" data-index=\"0\" ><div class=\"widget_text panel-widget-style panel-widget-style-for-239029-0-0-0\" ><div class=\"textwidget custom-html-widget\">  <style>\n    html, body {\n      margin: 0;\n      padding: 0;\n      height: 100%;\n    }\n\n    .container {\n      display: flex;\n      height: 100vh;\n      width: 100%;\n    }\n\n    .index-container {\n      width: 20%;\n      height: 100%;\n    }\n\n    .doc-container {\n      width: 80%;\n      height: 100%;\n    }\n\n    iframe {\n      width: 100%;\n      height: 100%;\n      border: none;\n    }\n\n    @media (max-width: 860px) {\n      .index-container {\n        display: none;\n      }\n\n      .doc-container {\n        width: 100%;\n      }\n    }\n  <\/style>\n  <div class=\"container\">\n    <div class=\"index-container\">\n      <iframe id=\"index-frame\" name=\"index\" src=\"https:\/\/safekit.evidian.com\/wp-content\/uploads\/downloads_safekit\/version-82\/safekituserguidehtml\/documentation\/indexsafekituserguidefr.htm\"><\/iframe>\n    <\/div>\n    <div class=\"doc-container\">\n      <iframe id=\"doc-frame\" name=\"doc\" src=\"\"><\/iframe>\n    <\/div>\n  <\/div>\n\n  <script>\n    const docFrame = document.getElementById('doc-frame');\n\n    \/\/ Charge le document avec l'ancre\n    function loadDocumentWithHash() {\n      const hash = window.location.hash;\n      docFrame.src = 'https:\/\/safekit.evidian.com\/wp-content\/uploads\/downloads_safekit\/version-82\/safekituserguidehtml\/documentation\/safekituserguidefr.htm' + hash;\n    }\n\n    \/\/ Ajoute la meta viewport\n    function enhanceFrame(frameName) {\n      const frame = document.getElementById(frameName);\n      frame.addEventListener('load', () => {\n        const doc = frame.contentDocument || frame.contentWindow.document;\n\n        \/\/ Ajoute la meta viewport\n        const meta = doc.createElement('meta');\n        meta.name = 'viewport';\n        meta.content = 'width=device-width, initial-scale=1, user-scalable=yes';\n        doc.head.appendChild(meta);\n      });\n    }\n\n    \/\/ \u00e9coute des navigations dans les iframes sur la TOC\n    function handleClickMessage(event) {\n      if (event.data.type === \"hashClicked\") {\n        console.log(\"Click from child :\", event.data.toc);\n        if(history.pushState) {\n\t\t\t\t  window.history.pushState(\"\", \"Title\", window.location.href.split('#')[0] + event.data.toc);\n\t\t\t  }\n      }\n    }\n    \/\/ Initialisation\n    document.addEventListener('DOMContentLoaded', () => {\n      loadDocumentWithHash();\n      enhanceFrame('index-frame');\n      enhanceFrame('doc-frame');\n      window.addEventListener(\"message\", handleClickMessage);\n    });\n\n    \/\/ Mise \u00e0 jour du document si l'ancre change\n    window.addEventListener('hashchange', loadDocumentWithHash);\n  <\/script>\n<\/div><\/div><\/div><\/div><\/div><\/div><\/div>","protected":false},"excerpt":{"rendered":"","protected":false},"author":3,"featured_media":0,"parent":4303,"menu_order":0,"comment_status":"closed","ping_status":"closed","template":"page-full-screen.php","meta":{"_acf_changed":false,"_lmt_disableupdate":"no","_lmt_disable":"","footnotes":""},"class_list":["post-239029","page","type-page","status-publish","hentry"],"acf":[],"yoast_head":"<!-- This site is optimized with the Yoast SEO Premium plugin v27.2 (Yoast SEO v27.4) - https:\/\/yoast.com\/product\/yoast-seo-premium-wordpress\/ -->\n<title>Guide de l&#039;utilisateur de SafeKit 8.2 - SafeKit HA<\/title>\n<meta name=\"description\" content=\"Ce document couvre toutes les phases de mise en \u0153uvre de SafeKit : architecture, installation, tests, administration, r\u00e9solution de probl\u00e8mes, support, interface ligne de commande\" \/>\n<meta name=\"robots\" content=\"index, follow, max-snippet:-1, max-image-preview:large, max-video-preview:-1\" \/>\n<link rel=\"canonical\" href=\"https:\/\/safekit.evidian.com\/fr\/produits\/haute-disponibilite-logiciel-clustering-application\/guide-utilisateur-safekit-82\/\" \/>\n<meta property=\"og:locale\" content=\"fr_FR\" \/>\n<meta property=\"og:type\" content=\"article\" \/>\n<meta property=\"og:title\" content=\"Guide de l&#039;utilisateur de SafeKit 8.2\" \/>\n<meta property=\"og:description\" content=\"Ce document couvre toutes les phases de mise en \u0153uvre de SafeKit : architecture, installation, tests, administration, r\u00e9solution de probl\u00e8mes, support, interface ligne de commande\" \/>\n<meta property=\"og:url\" content=\"https:\/\/safekit.evidian.com\/fr\/produits\/haute-disponibilite-logiciel-clustering-application\/guide-utilisateur-safekit-82\/\" \/>\n<meta property=\"og:site_name\" content=\"SafeKit HA\" \/>\n<meta property=\"article:modified_time\" content=\"2026-04-22T07:43:06+00:00\" \/>\n<script type=\"application\/ld+json\" class=\"yoast-schema-graph\">{\"@context\":\"https:\\\/\\\/schema.org\",\"@graph\":[{\"@type\":\"WebPage\",\"@id\":\"https:\\\/\\\/safekit.evidian.com\\\/fr\\\/produits\\\/haute-disponibilite-logiciel-clustering-application\\\/guide-utilisateur-safekit-82\\\/\",\"url\":\"https:\\\/\\\/safekit.evidian.com\\\/fr\\\/produits\\\/haute-disponibilite-logiciel-clustering-application\\\/guide-utilisateur-safekit-82\\\/\",\"name\":\"Guide de l'utilisateur de SafeKit 8.2 - SafeKit HA\",\"isPartOf\":{\"@id\":\"https:\\\/\\\/safekit.evidian.com\\\/fr\\\/#website\"},\"datePublished\":\"2024-09-16T06:22:50+00:00\",\"dateModified\":\"2026-04-22T07:43:06+00:00\",\"description\":\"Ce document couvre toutes les phases de mise en \u0153uvre de SafeKit : architecture, installation, tests, administration, r\u00e9solution de probl\u00e8mes, support, interface ligne de commande\",\"breadcrumb\":{\"@id\":\"https:\\\/\\\/safekit.evidian.com\\\/fr\\\/produits\\\/haute-disponibilite-logiciel-clustering-application\\\/guide-utilisateur-safekit-82\\\/#breadcrumb\"},\"inLanguage\":\"fr-FR\",\"potentialAction\":[{\"@type\":\"ReadAction\",\"target\":[\"https:\\\/\\\/safekit.evidian.com\\\/fr\\\/produits\\\/haute-disponibilite-logiciel-clustering-application\\\/guide-utilisateur-safekit-82\\\/\"]}]},{\"@type\":\"BreadcrumbList\",\"@id\":\"https:\\\/\\\/safekit.evidian.com\\\/fr\\\/produits\\\/haute-disponibilite-logiciel-clustering-application\\\/guide-utilisateur-safekit-82\\\/#breadcrumb\",\"itemListElement\":[{\"@type\":\"ListItem\",\"position\":1,\"name\":\"Eviden\",\"item\":\"https:\\\/\\\/safekit.evidian.com\\\/fr\\\/\"},{\"@type\":\"ListItem\",\"position\":2,\"name\":\"Produits\",\"item\":\"https:\\\/\\\/safekit.evidian.com\\\/fr\\\/products\\\/\"},{\"@type\":\"ListItem\",\"position\":3,\"name\":\"SafeKit : logiciel tout-en-un de haute disponibilit\u00e9 \u00ab SANless \u00bb et de clustering d'applications\",\"item\":\"https:\\\/\\\/safekit.evidian.com\\\/fr\\\/\"},{\"@type\":\"ListItem\",\"position\":4,\"name\":\"Guide de l'utilisateur de SafeKit 8.2\"}]},{\"@type\":\"WebSite\",\"@id\":\"https:\\\/\\\/safekit.evidian.com\\\/fr\\\/#website\",\"url\":\"https:\\\/\\\/safekit.evidian.com\\\/fr\\\/\",\"name\":\"SafeKit HA\",\"description\":\"SafeKit HA: Simple, SANless, and Software-Only High Availability\",\"publisher\":{\"@id\":\"https:\\\/\\\/safekit.evidian.com\\\/fr\\\/#organization\"},\"potentialAction\":[{\"@type\":\"SearchAction\",\"target\":{\"@type\":\"EntryPoint\",\"urlTemplate\":\"https:\\\/\\\/safekit.evidian.com\\\/fr\\\/?s={search_term_string}\"},\"query-input\":{\"@type\":\"PropertyValueSpecification\",\"valueRequired\":true,\"valueName\":\"search_term_string\"}}],\"inLanguage\":\"fr-FR\"},{\"@type\":\"Organization\",\"@id\":\"https:\\\/\\\/safekit.evidian.com\\\/fr\\\/#organization\",\"name\":\"Eviden\",\"url\":\"https:\\\/\\\/safekit.evidian.com\\\/fr\\\/\",\"logo\":{\"@type\":\"ImageObject\",\"inLanguage\":\"fr-FR\",\"@id\":\"https:\\\/\\\/safekit.evidian.com\\\/fr\\\/#\\\/schema\\\/logo\\\/image\\\/\",\"url\":\"\",\"contentUrl\":\"\",\"caption\":\"Eviden\"},\"image\":{\"@id\":\"https:\\\/\\\/safekit.evidian.com\\\/fr\\\/#\\\/schema\\\/logo\\\/image\\\/\"},\"sameAs\":[\"https:\\\/\\\/www.linkedin.com\\\/showcase\\\/eviden-cybersecurity\\\/\",\"https:\\\/\\\/www.youtube.com\\\/channel\\\/UCJKPuw2SDVNYUjZEJyLbIAA\"]}]}<\/script>\n<!-- \/ Yoast SEO Premium plugin. -->","yoast_head_json":{"title":"Guide de l'utilisateur de SafeKit 8.2 - SafeKit HA","description":"Ce document couvre toutes les phases de mise en \u0153uvre de SafeKit : architecture, installation, tests, administration, r\u00e9solution de probl\u00e8mes, support, interface ligne de commande","robots":{"index":"index","follow":"follow","max-snippet":"max-snippet:-1","max-image-preview":"max-image-preview:large","max-video-preview":"max-video-preview:-1"},"canonical":"https:\/\/safekit.evidian.com\/fr\/produits\/haute-disponibilite-logiciel-clustering-application\/guide-utilisateur-safekit-82\/","og_locale":"fr_FR","og_type":"article","og_title":"Guide de l'utilisateur de SafeKit 8.2","og_description":"Ce document couvre toutes les phases de mise en \u0153uvre de SafeKit : architecture, installation, tests, administration, r\u00e9solution de probl\u00e8mes, support, interface ligne de commande","og_url":"https:\/\/safekit.evidian.com\/fr\/produits\/haute-disponibilite-logiciel-clustering-application\/guide-utilisateur-safekit-82\/","og_site_name":"SafeKit HA","article_modified_time":"2026-04-22T07:43:06+00:00","schema":{"@context":"https:\/\/schema.org","@graph":[{"@type":"WebPage","@id":"https:\/\/safekit.evidian.com\/fr\/produits\/haute-disponibilite-logiciel-clustering-application\/guide-utilisateur-safekit-82\/","url":"https:\/\/safekit.evidian.com\/fr\/produits\/haute-disponibilite-logiciel-clustering-application\/guide-utilisateur-safekit-82\/","name":"Guide de l'utilisateur de SafeKit 8.2 - SafeKit HA","isPartOf":{"@id":"https:\/\/safekit.evidian.com\/fr\/#website"},"datePublished":"2024-09-16T06:22:50+00:00","dateModified":"2026-04-22T07:43:06+00:00","description":"Ce document couvre toutes les phases de mise en \u0153uvre de SafeKit : architecture, installation, tests, administration, r\u00e9solution de probl\u00e8mes, support, interface ligne de commande","breadcrumb":{"@id":"https:\/\/safekit.evidian.com\/fr\/produits\/haute-disponibilite-logiciel-clustering-application\/guide-utilisateur-safekit-82\/#breadcrumb"},"inLanguage":"fr-FR","potentialAction":[{"@type":"ReadAction","target":["https:\/\/safekit.evidian.com\/fr\/produits\/haute-disponibilite-logiciel-clustering-application\/guide-utilisateur-safekit-82\/"]}]},{"@type":"BreadcrumbList","@id":"https:\/\/safekit.evidian.com\/fr\/produits\/haute-disponibilite-logiciel-clustering-application\/guide-utilisateur-safekit-82\/#breadcrumb","itemListElement":[{"@type":"ListItem","position":1,"name":"Eviden","item":"https:\/\/safekit.evidian.com\/fr\/"},{"@type":"ListItem","position":2,"name":"Produits","item":"https:\/\/safekit.evidian.com\/fr\/products\/"},{"@type":"ListItem","position":3,"name":"SafeKit : logiciel tout-en-un de haute disponibilit\u00e9 \u00ab SANless \u00bb et de clustering d'applications","item":"https:\/\/safekit.evidian.com\/fr\/"},{"@type":"ListItem","position":4,"name":"Guide de l'utilisateur de SafeKit 8.2"}]},{"@type":"WebSite","@id":"https:\/\/safekit.evidian.com\/fr\/#website","url":"https:\/\/safekit.evidian.com\/fr\/","name":"SafeKit HA","description":"SafeKit HA: Simple, SANless, and Software-Only High Availability","publisher":{"@id":"https:\/\/safekit.evidian.com\/fr\/#organization"},"potentialAction":[{"@type":"SearchAction","target":{"@type":"EntryPoint","urlTemplate":"https:\/\/safekit.evidian.com\/fr\/?s={search_term_string}"},"query-input":{"@type":"PropertyValueSpecification","valueRequired":true,"valueName":"search_term_string"}}],"inLanguage":"fr-FR"},{"@type":"Organization","@id":"https:\/\/safekit.evidian.com\/fr\/#organization","name":"Eviden","url":"https:\/\/safekit.evidian.com\/fr\/","logo":{"@type":"ImageObject","inLanguage":"fr-FR","@id":"https:\/\/safekit.evidian.com\/fr\/#\/schema\/logo\/image\/","url":"","contentUrl":"","caption":"Eviden"},"image":{"@id":"https:\/\/safekit.evidian.com\/fr\/#\/schema\/logo\/image\/"},"sameAs":["https:\/\/www.linkedin.com\/showcase\/eviden-cybersecurity\/","https:\/\/www.youtube.com\/channel\/UCJKPuw2SDVNYUjZEJyLbIAA"]}]}},"_links":{"self":[{"href":"https:\/\/safekit.evidian.com\/fr\/wp-json\/wp\/v2\/pages\/239029","targetHints":{"allow":["GET"]}}],"collection":[{"href":"https:\/\/safekit.evidian.com\/fr\/wp-json\/wp\/v2\/pages"}],"about":[{"href":"https:\/\/safekit.evidian.com\/fr\/wp-json\/wp\/v2\/types\/page"}],"author":[{"embeddable":true,"href":"https:\/\/safekit.evidian.com\/fr\/wp-json\/wp\/v2\/users\/3"}],"replies":[{"embeddable":true,"href":"https:\/\/safekit.evidian.com\/fr\/wp-json\/wp\/v2\/comments?post=239029"}],"version-history":[{"count":1,"href":"https:\/\/safekit.evidian.com\/fr\/wp-json\/wp\/v2\/pages\/239029\/revisions"}],"predecessor-version":[{"id":258553,"href":"https:\/\/safekit.evidian.com\/fr\/wp-json\/wp\/v2\/pages\/239029\/revisions\/258553"}],"up":[{"embeddable":true,"href":"https:\/\/safekit.evidian.com\/fr\/wp-json\/wp\/v2\/pages\/4303"}],"wp:attachment":[{"href":"https:\/\/safekit.evidian.com\/fr\/wp-json\/wp\/v2\/media?parent=239029"}],"curies":[{"name":"wp","href":"https:\/\/api.w.org\/{rel}","templated":true}]}}