{"id":235941,"date":"2024-03-24T08:51:03","date_gmt":"2024-03-24T06:51:03","guid":{"rendered":"https:\/\/safekit.evidian.com\/?page_id=235941"},"modified":"2026-04-22T09:44:30","modified_gmt":"2026-04-22T07:44:30","slug":"insert-safekit-75-training-fr","status":"publish","type":"page","link":"https:\/\/safekit.evidian.com\/fr\/produits\/haute-disponibilite-logiciel-clustering-application\/insert-safekit-75-training-fr\/","title":{"rendered":"Insert SafeKit 7.5 Training FR"},"content":{"rendered":"<div id=\"pl-235941\"  class=\"panel-layout\" ><div id=\"pg-235941-0\"  class=\"panel-grid panel-has-style\" ><div class=\"siteorigin-panels-stretch panel-row-style panel-row-style-for-235941-0\" data-stretch-type=\"full-width-stretch\" ><div id=\"pgc-235941-0-0\"  class=\"panel-grid-cell\" ><div id=\"panel-235941-0-0-0\" class=\"so-panel widget widget_sow-editor panel-first-child panel-last-child\" data-index=\"0\" ><div class=\"panel-widget-style panel-widget-style-for-235941-0-0-0\" ><div\n\t\t\t\n\t\t\tclass=\"so-widget-sow-editor so-widget-sow-editor-base\"\n\t\t\t\n\t\t>\n<div class=\"siteorigin-widget-tinymce textwidget\">\n\t<h2 style=\"text-align: left; color: white;\"><a name=\"safeki75\"><\/a>Evidian SafeKit 7.5<\/h2>\n<\/div>\n<\/div><\/div><\/div><\/div><\/div><\/div><div id=\"pg-235941-1\"  class=\"panel-grid panel-has-style\" ><div class=\"panel-row-style panel-row-style-for-235941-1\" ><div id=\"pgc-235941-1-0\"  class=\"panel-grid-cell\" ><div id=\"panel-235941-1-0-0\" class=\"so-panel widget widget_sow-editor panel-first-child panel-last-child\" data-index=\"1\" ><div\n\t\t\t\n\t\t\tclass=\"so-widget-sow-editor so-widget-sow-editor-base\"\n\t\t\t\n\t\t>\n<div class=\"siteorigin-widget-tinymce textwidget\">\n\t<h3 style=\"color:#0596ff;\">Packages<\/h3>\n<p><!--\n\n\n<ul>\n \t\n\n<li><a href=\"https:\/\/support.evidian.com\/safekit\/Default.asp?Path=%2Fdownloads%2Fsafekit%2Fversion%5F7%2E5%2Fplatforms%2Fwindows%2FCurrent%5Fversions\" target=\"_blank\" rel=\"noopener noreferrer\">Windows<\/a><\/li>\n\n\n \t\n\n<li><a href=\"https:\/\/support.evidian.com\/safekit\/Default.asp?Path=%2Fdownloads%2Fsafekit%2Fversion%5F7%2E5%2Fplatforms%2Flinux%2FCurrent%5Fversions\" target=\"_blank\" rel=\"noopener noreferrer\">Linux<\/a><\/li>\n\n\n<\/ul>\n\n\n--><\/p>\n<ul>\n<li><a href=\"https:\/\/safekit.evidian.com\/wp-content\/uploads\/downloads_safekit\/version-75\/safekit_windows_x86_64_7_5_2_16.msi\">Windows<\/a><\/li>\n<li><a href=\"https:\/\/safekit.evidian.com\/wp-content\/uploads\/downloads_safekit\/version-75\/safekitlinux_x86_64_7_5_2_17.bin\">Linux<\/a><\/li>\n<li><a href=\"https:\/\/safekit.evidian.com\/wp-content\/uploads\/downloads_safekit\/version-75\/75softwarereleasebulletin.html\" target=\"_blank\" rel=\"noopener\">OS support\u00e9s et derniers fixes<\/a><\/li>\n<\/ul>\n<\/div>\n<\/div><\/div><\/div><div id=\"pgc-235941-1-1\"  class=\"panel-grid-cell\" ><div id=\"panel-235941-1-1-0\" class=\"so-panel widget widget_sow-editor panel-first-child panel-last-child\" data-index=\"2\" ><div\n\t\t\t\n\t\t\tclass=\"so-widget-sow-editor so-widget-sow-editor-base\"\n\t\t\t\n\t\t>\n<div class=\"siteorigin-widget-tinymce textwidget\">\n\t<h3 style=\"color: #a375ff;\">Licence d'essai gratuit d'un mois<\/h3>\n<ul>\n<li><a href=\"\/fr\/produits\/haute-disponibilite-logiciel-clustering-application\/licence-essai-gratuit-haute-disponibilite-safekit\/\" target=\"_blank\" rel=\"noopener noreferrer\">T\u00e9l\u00e9chargez une licence d'essai gratuit<\/a><\/li>\n<\/ul>\n<\/div>\n<\/div><\/div><\/div><div id=\"pgc-235941-1-2\"  class=\"panel-grid-cell\" ><div id=\"panel-235941-1-2-0\" class=\"so-panel widget widget_sow-editor panel-first-child panel-last-child\" data-index=\"3\" ><div\n\t\t\t\n\t\t\tclass=\"so-widget-sow-editor so-widget-sow-editor-base\"\n\t\t\t\n\t\t>\n<div class=\"siteorigin-widget-tinymce textwidget\">\n\t<h3>Documentation technique<\/h3>\n<ul>\n<li><a href=\"https:\/\/safekit.evidian.com\/wp-content\/uploads\/downloads_safekit\/version-75\/safekituserguidehtml\/userguide.html.fr.htm\" target=\"_blank\" rel=\"noopener\">Guide de l'utilisateur HTML<\/a> (<a href=\"https:\/\/safekit.evidian.com\/wp-content\/uploads\/downloads_safekit\/version-75\/safekit75userguidefr.pdf\" target=\"_blank\" rel=\"noopener\">PDF<\/a>)<\/li>\n<li><a href=\"https:\/\/safekit.evidian.com\/wp-content\/uploads\/downloads_safekit\/version-75\/safekit75releasenotes.pdf\" target=\"_blank\" rel=\"noopener\">Release notes<\/a><\/li>\n<\/ul>\n<\/div>\n<\/div><\/div><\/div><div id=\"pgc-235941-1-3\"  class=\"panel-grid-cell\" ><div id=\"panel-235941-1-3-0\" class=\"so-panel widget widget_sow-editor panel-first-child panel-last-child\" data-index=\"4\" ><div\n\t\t\t\n\t\t\tclass=\"so-widget-sow-editor so-widget-sow-editor-base\"\n\t\t\t\n\t\t>\n<div class=\"siteorigin-widget-tinymce textwidget\">\n\t<h3 style=\"color: #a375ff;\">Information produit<\/h3>\n<ul>\n<li><a href=\"https:\/\/safekit.evidian.com\/wp-content\/uploads\/documents\/cluster-logiciel-brochure.pdf\" target=\"_blank\" rel=\"noopener\">Brochure<\/a><\/li>\n<li><a href=\"https:\/\/safekit.evidian.com\/wp-content\/uploads\/documents\/wp-safekit-fr.pdf\" target=\"_blank\" rel=\"noopener\">Livre blanc<\/a><\/li>\n<li><a href=\"https:\/\/view.officeapps.live.com\/op\/view.aspx?src=https:\/\/safekit.evidian.com\/wp-content\/uploads\/downloads_safekit\/version-75\/evidian-safekit-technical-overview-fr.docx\" target=\"_blank\" rel=\"noopener\">Aper\u00e7u technique (docx)<\/a><\/li>\n<\/ul>\n<\/div>\n<\/div><\/div><\/div><div id=\"pgc-235941-1-4\"  class=\"panel-grid-cell\" ><div id=\"panel-235941-1-4-0\" class=\"so-panel widget widget_sow-editor panel-first-child panel-last-child\" data-index=\"5\" ><div\n\t\t\t\n\t\t\tclass=\"so-widget-sow-editor so-widget-sow-editor-base\"\n\t\t\t\n\t\t>\n<div class=\"siteorigin-widget-tinymce textwidget\">\n\t<h3>Training<\/h3>\n<ul>\n<li><a href=\"#training75\" rel=\"noopener\">Training<\/a><\/li>\n<\/ul>\n<\/div>\n<\/div><\/div><\/div><\/div><\/div><div id=\"pg-235941-2\"  class=\"panel-grid panel-has-style\" ><div class=\"panel-row-style panel-row-style-for-235941-2\" ><div id=\"pgc-235941-2-0\"  class=\"panel-grid-cell\" ><div id=\"panel-235941-2-0-0\" class=\"so-panel widget widget_sow-editor panel-first-child panel-last-child\" data-index=\"6\" ><div\n\t\t\t\n\t\t\tclass=\"so-widget-sow-editor so-widget-sow-editor-base\"\n\t\t\t\n\t\t>\n<div class=\"siteorigin-widget-tinymce textwidget\">\n\t<h2><a name=\"modules75\"><\/a>Modules<\/h2>\n<p><a href=\"https:\/\/support.evidian.com\/safekit\/Default.asp?Path=%2Fdownloads%2Fsafekit%2Fversion%5F8%2E2%2FApplication%5FModules&noheader=true\" target=\"_blank\" rel=\"noopener\">T\u00e9l\u00e9charger les modules ici<\/a><\/p>\n<\/div>\n<\/div><\/div><\/div><\/div><\/div><div id=\"pg-235941-3\"  class=\"panel-grid panel-has-style\" ><div class=\"panel-row-style panel-row-style-for-235941-3\" ><div id=\"pgc-235941-3-0\"  class=\"panel-grid-cell\" ><div id=\"panel-235941-3-0-0\" class=\"so-panel widget widget_sow-editor panel-first-child panel-last-child\" data-index=\"7\" ><div\n\t\t\t\n\t\t\tclass=\"so-widget-sow-editor so-widget-sow-editor-base\"\n\t\t\t\n\t\t>\n<div class=\"siteorigin-widget-tinymce textwidget\">\n\t<h2><a name=\"training75\"><\/a>SafeKit 7.5 Training<\/h2>\n<\/div>\n<\/div><\/div><\/div><\/div><\/div><div id=\"pg-235941-4\"  class=\"panel-grid panel-has-style\" ><div class=\"panel-row-style panel-row-style-for-235941-4\" ><div id=\"pgc-235941-4-0\"  class=\"panel-grid-cell\" ><div id=\"panel-235941-4-0-0\" class=\"so-panel widget widget_sow-editor panel-first-child panel-last-child\" data-index=\"8\" ><div\n\t\t\t\n\t\t\tclass=\"so-widget-sow-editor so-widget-sow-editor-base\"\n\t\t\t\n\t\t>\n<div class=\"siteorigin-widget-tinymce textwidget\">\n\t<h3 style=\"color: #0596ff;\">Introduction<\/h3>\n<ol start=\"1\">\n<li><a href=\"https:\/\/view.officeapps.live.com\/op\/view.aspx?src=https%3A%2F%2Fwww%2Eevidian%2Ecom%2Fsafekit%2Fdownloads%2Fversion-75%2Fslides-en%2F1-overview-en%2Epptx\" target=\"_blank\" rel=\"noopener\">Overview<\/a> \/ <a href=\"https:\/\/view.officeapps.live.com\/op\/view.aspx?src=https%3A%2F%2Fwww%2Eevidian%2Ecom%2Fsafekit%2Fdownloads%2Fversion-75%2Fslides-en%2F1-overview-en%2Epptx\" target=\"_blank\" rel=\"noopener\">pptx<\/a>\n<ul style=\"font-size:0.80rem;\">\n<li>Demonstration<\/li>\n<li>Examples of redundancy and high availability solution<\/li>\n<li>Evidian SafeKit sold in many different countries with Milestone<\/li>\n<li>2 solutions: virtual machine or application cluster<\/li>\n<li>Distinctive advantages<\/li>\n<li>More information on the web site<\/li>\n<\/ul>\n<\/li>\n<li><a href=\"https:\/\/view.officeapps.live.com\/op\/view.aspx?src=https%3A%2F%2Fwww%2Eevidian%2Ecom%2Fsafekit%2Fdownloads%2Fversion-75%2Fslides-en%2F2-competition-en%2Epptx\" target=\"_blank\" rel=\"noopener\">Competition<\/a> \/ <a href=\"https:\/\/view.officeapps.live.com\/op\/view.aspx?src=https%3A%2F%2Fwww%2Eevidian%2Ecom%3A443%2Fsafekit%2Ftraining%2Fslides%2Fen%2F2-competition-en%2Epptx\" target=\"_blank\" rel=\"noopener\">pptx<\/a>\n<ul style=\"font-size:0.80rem;\">\n<li>Cluster of virtual machines<\/li>\n<li>Mirror cluster<\/li>\n<li>Farm cluster<\/li>\n<\/ul>\n<\/li>\n<\/ol>\n<\/div>\n<\/div><\/div><\/div><div id=\"pgc-235941-4-1\"  class=\"panel-grid-cell\" ><div id=\"panel-235941-4-1-0\" class=\"so-panel widget widget_sow-editor panel-first-child panel-last-child\" data-index=\"9\" ><div\n\t\t\t\n\t\t\tclass=\"so-widget-sow-editor so-widget-sow-editor-base\"\n\t\t\t\n\t\t>\n<div class=\"siteorigin-widget-tinymce textwidget\">\n\t<h3 style=\"color: #b88d00;\">Installation, Console, CLI<\/h3>\n<ol start=\"3\">\n \t<li><a href=\"https:\/\/view.officeapps.live.com\/op\/view.aspx?src=https%3A%2F%2Fwww%2Eevidian%2Ecom%2Fsafekit%2Fdownloads%2Fversion-75%2Fslides-en%2F3-install-setup-en%2Epptx\" target=\"_blank\" rel=\"noopener\">Install and setup<\/a> \/ <a href=\"https:\/\/view.officeapps.live.com\/op\/view.aspx?src=https%3A%2F%2Fwww%2Eevidian%2Ecom%2Fsafekit%2Fdownloads%2Fversion-75%2Fslides-en%2F3-install-setup-en%2Epptx\" target=\"_blank\" rel=\"noopener\">pptx<\/a>\n<ul style=\"font-size:0.80rem;\">\n \t<li>Package installation<\/li>\n \t<li>Nodes setup<\/li>\n \t<li>Upgrade<\/li>\n<\/ul>\n<\/li>\n \t<li><a href=\"https:\/\/view.officeapps.live.com\/op\/view.aspx?src=https%3A%2F%2Fwww%2Eevidian%2Ecom%2Fsafekit%2Fdownloads%2Fversion-75%2Fslides-en%2F4-web-console-en%2Epptx\" target=\"_blank\" rel=\"noopener\">Web console<\/a> \/ <a href=\"https:\/\/view.officeapps.live.com\/op\/view.aspx?src=https%3A%2F%2Fwww%2Eevidian%2Ecom%2Fsafekit%2Fdownloads%2Fversion-75%2Fslides-en%2F4-web-console-en%2Epptx\" target=\"_blank\" rel=\"noopener\">pptx<\/a>\n<ul style=\"font-size:0.80rem;\">\n \t<li>Configuration of the cluster<\/li>\n \t<li>Configuration of a new module<\/li>\n \t<li>Advanced usage<\/li>\n \t<li>Securing the web console<\/li>\n<\/ul>\n<\/li>\n \t<li><a href=\"https:\/\/view.officeapps.live.com\/op\/view.aspx?src=https%3A%2F%2Fwww%2Eevidian%2Ecom%2Fsafekit%2Fdownloads%2Fversion-75%2Fslides-en%2F5-command-line-en%2Epptx\" target=\"_blank\" rel=\"noopener\">Command line<\/a> \/ <a href=\"https:\/\/view.officeapps.live.com\/op\/view.aspx?src=https%3A%2F%2Fwww%2Eevidian%2Ecom%2Fsafekit%2Fdownloads%2Fversion-75%2Fslides-en%2F5-command-line-en%2Epptx\" target=\"_blank\" rel=\"noopener\">pptx<\/a>\n<ul style=\"font-size:0.80rem;\">\n \t<li>Configure the SafeKit cluster<\/li>\n \t<li>Configure a SafeKit module<\/li>\n \t<li>Control and monitor<\/li>\n<\/ul>\n<\/li>\n<\/ol><\/div>\n<\/div><\/div><\/div><div id=\"pgc-235941-4-2\"  class=\"panel-grid-cell\" ><div id=\"panel-235941-4-2-0\" class=\"so-panel widget widget_sow-editor panel-first-child panel-last-child\" data-index=\"10\" ><div\n\t\t\t\n\t\t\tclass=\"so-widget-sow-editor so-widget-sow-editor-base\"\n\t\t\t\n\t\t>\n<div class=\"siteorigin-widget-tinymce textwidget\">\n\t<h3 style=\"color: #00a397;\">Advanced configuration<\/h3>\n<ol start=\"6\">\n<li><a href=\"https:\/\/view.officeapps.live.com\/op\/view.aspx?src=https%3A%2F%2Fwww%2Eevidian%2Ecom%2Fsafekit%2Fdownloads%2Fversion-75%2Fslides-en%2F6-mirror-module-en%2Epptx\" target=\"_blank\" rel=\"noopener\">Mirror module<\/a> \/ <a href=\"https:\/\/view.officeapps.live.com\/op\/view.aspx?src=https%3A%2F%2Fwww%2Eevidian%2Ecom%2Fsafekit%2Fdownloads%2Fversion-75%2Fslides-en%2F6-mirror-module-en%2Epptx\" target=\"_blank\" rel=\"noopener\">pptx<\/a>\n<ul style=\"font-size:0.80rem;\">\n<li>start_prim \/ stop_prim scripts<\/li>\n<li>userconfig.xml<\/li>\n<li>Heartbeat (&lt;hearbeat&gt;)<\/li>\n<li>Virtual IP address (&lt;vip&gt;)<\/li>\n<li>Real-time file replication (&lt;rfs&gt;)<\/li>\n<li>How real-time file replication works?<\/li>\n<li>Mirror's states in action<\/li>\n<\/ul>\n<\/li>\n<li><a href=\"https:\/\/view.officeapps.live.com\/op\/view.aspx?src=https%3A%2F%2Fwww%2Eevidian%2Ecom%2Fsafekit%2Fdownloads%2Fversion-75%2Fslides-en%2F7-farm-module-en%2Epptx\" target=\"_blank\" rel=\"noopener\">Farm \u00a0module<\/a> \/ <a href=\"https:\/\/view.officeapps.live.com\/op\/view.aspx?src=https%3A%2F%2Fwww%2Eevidian%2Ecom%2Fsafekit%2Fdownloads%2Fversion-75%2Fslides-en%2F7-farm-module-en%2Epptx\" target=\"_blank\" rel=\"noopener\">pptx<\/a>\n<ul style=\"font-size:0.80rem;\">\n<li>start_both \/ stop_both scripts<\/li>\n<li>userconfig.xml<\/li>\n<li>Farm heartbeats (&lt;farm&gt;)<\/li>\n<li>Virtual IP address (&lt;vip&gt;)<\/li>\n<li>Farm's states in action<\/li>\n<\/ul>\n<\/li>\n<\/ol>\n<ol start=\"8\">\n<li><a href=\"https:\/\/view.officeapps.live.com\/op\/view.aspx?src=https%3A%2F%2Fwww%2Eevidian%2Ecom%2Fsafekit%2Fdownloads%2Fversion-75%2Fslides-en%2F8-checkers-en%2Epptx\" target=\"_blank\" rel=\"noopener\">Checkers<\/a> \/ <a href=\"https:\/\/view.officeapps.live.com\/op\/view.aspx?src=https%3A%2F%2Fwww%2Eevidian%2Ecom%2Fsafekit%2Fdownloads%2Fversion-75%2Fslides-en%2F8-checkers-en%2Epptx\" target=\"_blank\" rel=\"noopener\">pptx<\/a>\n<ul style=\"font-size:0.80rem;\">\n<li>userconfig.xml<\/li>\n<li>errd checker<\/li>\n<li>intf and ip checkers<\/li>\n<li>custom checker<\/li>\n<li>splitbrain checker for a mirror module<\/li>\n<li>tcp, ping, module checkers<\/li>\n<li>Checkers in action<\/li>\n<\/ul>\n<\/li>\n<\/ol>\n<\/div>\n<\/div><\/div><\/div><div id=\"pgc-235941-4-3\"  class=\"panel-grid-cell\" ><div id=\"panel-235941-4-3-0\" class=\"so-panel widget widget_sow-editor panel-first-child panel-last-child\" data-index=\"11\" ><div\n\t\t\t\n\t\t\tclass=\"so-widget-sow-editor so-widget-sow-editor-base\"\n\t\t\t\n\t\t>\n<div class=\"siteorigin-widget-tinymce textwidget\">\n\t<h3 style=\"color: #a375ff;\">Troubleshooting<\/h3>\n<ol start=\"9\">\n<li><a href=\"https:\/\/view.officeapps.live.com\/op\/view.aspx?src=https%3A%2F%2Fwww%2Eevidian%2Ecom%2Fsafekit%2Fdownloads%2Fversion-75%2Fslides-en%2F9-troubleshooting-en%2Epptx\" target=\"_blank\" rel=\"noopener\">Troubleshooting<\/a> \/ <a href=\"https:\/\/view.officeapps.live.com\/op\/view.aspx?src=https%3A%2F%2Fwww%2Eevidian%2Ecom%2Fsafekit%2Fdownloads%2Fversion-75%2Fslides-en%2F9-troubleshooting-en%2Epptx\" target=\"_blank\" rel=\"noopener\">pptx<\/a>\n<ul style=\"font-size:0.80rem;\">\n<li>Analyze yourself the logs<\/li>\n<li>Take snapshots for support<\/li>\n<li>Boot \/ shutdown<\/li>\n<li>Web console \/ Command lines<\/li>\n<li>Mirror \/ Farm \/ Checkers<\/li>\n<li>Running an application without SafeKit<\/li>\n<\/ul>\n<\/li>\n<\/ol>\n<h3 style=\"color: #a375ff;\">Support<\/h3>\n<ol start=\"10\">\n<li><a href=\"https:\/\/view.officeapps.live.com\/op\/view.aspx?src=https%3A%2F%2Fwww%2Eevidian%2Ecom%2Fsafekit%2Fdownloads%2Fversion-75%2Fslides-en%2F10-evidian-support-en%2Epptx\" target=\"_blank\" rel=\"noopener\">Evidian support<\/a> \/ <a href=\"https:\/\/view.officeapps.live.com\/op\/view.aspx?src=https%3A%2F%2Fwww%2Eevidian%2Ecom%2Fsafekit%2Fdownloads%2Fversion-75%2Fslides-en%2F10-evidian-support-en%2Epptx\" target=\"_blank\" rel=\"noopener\">pptx<\/a>\n<ul style=\"font-size:0.80rem;\">\n<li>Get permanent license key<\/li>\n<li>Register on support.evidian.com<\/li>\n<li>Call desk<\/li>\n<\/ul>\n<\/li>\n<\/ol>\n<\/div>\n<\/div><\/div><\/div><\/div><\/div><\/div>","protected":false},"excerpt":{"rendered":"Evidian SafeKit 7.5 Packages Windows Linux OS support\u00e9s et derniers fixes Licence d'essai gratuit d'un mois T\u00e9l\u00e9chargez une licence d'essai gratuit Documentation technique Guide de l'utilisateur HTML (PDF) Release notes Information produit Brochure Livre blanc Aper\u00e7u technique (docx) Training Training","protected":false},"author":3,"featured_media":0,"parent":4303,"menu_order":0,"comment_status":"closed","ping_status":"closed","template":"page-full-screen.php","meta":{"_acf_changed":false,"_lmt_disableupdate":"no","_lmt_disable":"","footnotes":""},"class_list":["post-235941","page","type-page","status-publish","hentry"],"acf":[],"yoast_head":"<!-- This site is optimized with the Yoast SEO Premium plugin v27.2 (Yoast SEO v27.4) - https:\/\/yoast.com\/product\/yoast-seo-premium-wordpress\/ -->\n<title>Insert SafeKit 7.5 Training FR - SafeKit HA<\/title>\n<meta name=\"robots\" content=\"noindex, follow\" \/>\n<meta property=\"og:locale\" content=\"fr_FR\" \/>\n<meta property=\"og:type\" content=\"article\" \/>\n<meta property=\"og:title\" content=\"Insert SafeKit 7.5 Training FR\" \/>\n<meta property=\"og:description\" content=\"Evidian SafeKit 7.5 Packages Windows Linux OS support\u00e9s et derniers fixes Licence d&#039;essai gratuit d&#039;un mois T\u00e9l\u00e9chargez une licence d&#039;essai gratuit Documentation technique Guide de l&#039;utilisateur HTML (PDF) Release notes Information produit Brochure Livre blanc Aper\u00e7u technique (docx) Training Training\" \/>\n<meta property=\"og:url\" content=\"https:\/\/safekit.evidian.com\/fr\/produits\/haute-disponibilite-logiciel-clustering-application\/insert-safekit-75-training-fr\/\" \/>\n<meta property=\"og:site_name\" content=\"SafeKit HA\" \/>\n<meta property=\"article:modified_time\" content=\"2026-04-22T07:44:30+00:00\" \/>\n<meta name=\"twitter:label1\" content=\"Dur\u00e9e de lecture estim\u00e9e\" \/>\n\t<meta name=\"twitter:data1\" content=\"2 minutes\" \/>\n<script type=\"application\/ld+json\" class=\"yoast-schema-graph\">{\"@context\":\"https:\\\/\\\/schema.org\",\"@graph\":[{\"@type\":\"WebPage\",\"@id\":\"https:\\\/\\\/safekit.evidian.com\\\/fr\\\/produits\\\/haute-disponibilite-logiciel-clustering-application\\\/insert-safekit-75-training-fr\\\/\",\"url\":\"https:\\\/\\\/safekit.evidian.com\\\/fr\\\/produits\\\/haute-disponibilite-logiciel-clustering-application\\\/insert-safekit-75-training-fr\\\/\",\"name\":\"Insert SafeKit 7.5 Training FR - SafeKit HA\",\"isPartOf\":{\"@id\":\"https:\\\/\\\/safekit.evidian.com\\\/fr\\\/#website\"},\"datePublished\":\"2024-03-24T06:51:03+00:00\",\"dateModified\":\"2026-04-22T07:44:30+00:00\",\"breadcrumb\":{\"@id\":\"https:\\\/\\\/safekit.evidian.com\\\/fr\\\/produits\\\/haute-disponibilite-logiciel-clustering-application\\\/insert-safekit-75-training-fr\\\/#breadcrumb\"},\"inLanguage\":\"fr-FR\",\"potentialAction\":[{\"@type\":\"ReadAction\",\"target\":[\"https:\\\/\\\/safekit.evidian.com\\\/fr\\\/produits\\\/haute-disponibilite-logiciel-clustering-application\\\/insert-safekit-75-training-fr\\\/\"]}]},{\"@type\":\"BreadcrumbList\",\"@id\":\"https:\\\/\\\/safekit.evidian.com\\\/fr\\\/produits\\\/haute-disponibilite-logiciel-clustering-application\\\/insert-safekit-75-training-fr\\\/#breadcrumb\",\"itemListElement\":[{\"@type\":\"ListItem\",\"position\":1,\"name\":\"Eviden\",\"item\":\"https:\\\/\\\/safekit.evidian.com\\\/fr\\\/\"},{\"@type\":\"ListItem\",\"position\":2,\"name\":\"Produits\",\"item\":\"https:\\\/\\\/safekit.evidian.com\\\/fr\\\/products\\\/\"},{\"@type\":\"ListItem\",\"position\":3,\"name\":\"SafeKit : logiciel tout-en-un de haute disponibilit\u00e9 \u00ab SANless \u00bb et de clustering d'applications\",\"item\":\"https:\\\/\\\/safekit.evidian.com\\\/fr\\\/\"},{\"@type\":\"ListItem\",\"position\":4,\"name\":\"Insert SafeKit 7.5 Training FR\"}]},{\"@type\":\"WebSite\",\"@id\":\"https:\\\/\\\/safekit.evidian.com\\\/fr\\\/#website\",\"url\":\"https:\\\/\\\/safekit.evidian.com\\\/fr\\\/\",\"name\":\"SafeKit HA\",\"description\":\"SafeKit HA: Simple, SANless, and Software-Only High Availability\",\"publisher\":{\"@id\":\"https:\\\/\\\/safekit.evidian.com\\\/fr\\\/#organization\"},\"potentialAction\":[{\"@type\":\"SearchAction\",\"target\":{\"@type\":\"EntryPoint\",\"urlTemplate\":\"https:\\\/\\\/safekit.evidian.com\\\/fr\\\/?s={search_term_string}\"},\"query-input\":{\"@type\":\"PropertyValueSpecification\",\"valueRequired\":true,\"valueName\":\"search_term_string\"}}],\"inLanguage\":\"fr-FR\"},{\"@type\":\"Organization\",\"@id\":\"https:\\\/\\\/safekit.evidian.com\\\/fr\\\/#organization\",\"name\":\"Eviden\",\"url\":\"https:\\\/\\\/safekit.evidian.com\\\/fr\\\/\",\"logo\":{\"@type\":\"ImageObject\",\"inLanguage\":\"fr-FR\",\"@id\":\"https:\\\/\\\/safekit.evidian.com\\\/fr\\\/#\\\/schema\\\/logo\\\/image\\\/\",\"url\":\"\",\"contentUrl\":\"\",\"caption\":\"Eviden\"},\"image\":{\"@id\":\"https:\\\/\\\/safekit.evidian.com\\\/fr\\\/#\\\/schema\\\/logo\\\/image\\\/\"},\"sameAs\":[\"https:\\\/\\\/www.linkedin.com\\\/showcase\\\/eviden-cybersecurity\\\/\",\"https:\\\/\\\/www.youtube.com\\\/channel\\\/UCJKPuw2SDVNYUjZEJyLbIAA\"]}]}<\/script>\n<!-- \/ Yoast SEO Premium plugin. -->","yoast_head_json":{"title":"Insert SafeKit 7.5 Training FR - SafeKit HA","robots":{"index":"noindex","follow":"follow"},"og_locale":"fr_FR","og_type":"article","og_title":"Insert SafeKit 7.5 Training FR","og_description":"Evidian SafeKit 7.5 Packages Windows Linux OS support\u00e9s et derniers fixes Licence d'essai gratuit d'un mois T\u00e9l\u00e9chargez une licence d'essai gratuit Documentation technique Guide de l'utilisateur HTML (PDF) Release notes Information produit Brochure Livre blanc Aper\u00e7u technique (docx) Training Training","og_url":"https:\/\/safekit.evidian.com\/fr\/produits\/haute-disponibilite-logiciel-clustering-application\/insert-safekit-75-training-fr\/","og_site_name":"SafeKit HA","article_modified_time":"2026-04-22T07:44:30+00:00","twitter_misc":{"Dur\u00e9e de lecture estim\u00e9e":"2 minutes"},"schema":{"@context":"https:\/\/schema.org","@graph":[{"@type":"WebPage","@id":"https:\/\/safekit.evidian.com\/fr\/produits\/haute-disponibilite-logiciel-clustering-application\/insert-safekit-75-training-fr\/","url":"https:\/\/safekit.evidian.com\/fr\/produits\/haute-disponibilite-logiciel-clustering-application\/insert-safekit-75-training-fr\/","name":"Insert SafeKit 7.5 Training FR - SafeKit HA","isPartOf":{"@id":"https:\/\/safekit.evidian.com\/fr\/#website"},"datePublished":"2024-03-24T06:51:03+00:00","dateModified":"2026-04-22T07:44:30+00:00","breadcrumb":{"@id":"https:\/\/safekit.evidian.com\/fr\/produits\/haute-disponibilite-logiciel-clustering-application\/insert-safekit-75-training-fr\/#breadcrumb"},"inLanguage":"fr-FR","potentialAction":[{"@type":"ReadAction","target":["https:\/\/safekit.evidian.com\/fr\/produits\/haute-disponibilite-logiciel-clustering-application\/insert-safekit-75-training-fr\/"]}]},{"@type":"BreadcrumbList","@id":"https:\/\/safekit.evidian.com\/fr\/produits\/haute-disponibilite-logiciel-clustering-application\/insert-safekit-75-training-fr\/#breadcrumb","itemListElement":[{"@type":"ListItem","position":1,"name":"Eviden","item":"https:\/\/safekit.evidian.com\/fr\/"},{"@type":"ListItem","position":2,"name":"Produits","item":"https:\/\/safekit.evidian.com\/fr\/products\/"},{"@type":"ListItem","position":3,"name":"SafeKit : logiciel tout-en-un de haute disponibilit\u00e9 \u00ab SANless \u00bb et de clustering d'applications","item":"https:\/\/safekit.evidian.com\/fr\/"},{"@type":"ListItem","position":4,"name":"Insert SafeKit 7.5 Training FR"}]},{"@type":"WebSite","@id":"https:\/\/safekit.evidian.com\/fr\/#website","url":"https:\/\/safekit.evidian.com\/fr\/","name":"SafeKit HA","description":"SafeKit HA: Simple, SANless, and Software-Only High Availability","publisher":{"@id":"https:\/\/safekit.evidian.com\/fr\/#organization"},"potentialAction":[{"@type":"SearchAction","target":{"@type":"EntryPoint","urlTemplate":"https:\/\/safekit.evidian.com\/fr\/?s={search_term_string}"},"query-input":{"@type":"PropertyValueSpecification","valueRequired":true,"valueName":"search_term_string"}}],"inLanguage":"fr-FR"},{"@type":"Organization","@id":"https:\/\/safekit.evidian.com\/fr\/#organization","name":"Eviden","url":"https:\/\/safekit.evidian.com\/fr\/","logo":{"@type":"ImageObject","inLanguage":"fr-FR","@id":"https:\/\/safekit.evidian.com\/fr\/#\/schema\/logo\/image\/","url":"","contentUrl":"","caption":"Eviden"},"image":{"@id":"https:\/\/safekit.evidian.com\/fr\/#\/schema\/logo\/image\/"},"sameAs":["https:\/\/www.linkedin.com\/showcase\/eviden-cybersecurity\/","https:\/\/www.youtube.com\/channel\/UCJKPuw2SDVNYUjZEJyLbIAA"]}]}},"_links":{"self":[{"href":"https:\/\/safekit.evidian.com\/fr\/wp-json\/wp\/v2\/pages\/235941","targetHints":{"allow":["GET"]}}],"collection":[{"href":"https:\/\/safekit.evidian.com\/fr\/wp-json\/wp\/v2\/pages"}],"about":[{"href":"https:\/\/safekit.evidian.com\/fr\/wp-json\/wp\/v2\/types\/page"}],"author":[{"embeddable":true,"href":"https:\/\/safekit.evidian.com\/fr\/wp-json\/wp\/v2\/users\/3"}],"replies":[{"embeddable":true,"href":"https:\/\/safekit.evidian.com\/fr\/wp-json\/wp\/v2\/comments?post=235941"}],"version-history":[{"count":1,"href":"https:\/\/safekit.evidian.com\/fr\/wp-json\/wp\/v2\/pages\/235941\/revisions"}],"predecessor-version":[{"id":258570,"href":"https:\/\/safekit.evidian.com\/fr\/wp-json\/wp\/v2\/pages\/235941\/revisions\/258570"}],"up":[{"embeddable":true,"href":"https:\/\/safekit.evidian.com\/fr\/wp-json\/wp\/v2\/pages\/4303"}],"wp:attachment":[{"href":"https:\/\/safekit.evidian.com\/fr\/wp-json\/wp\/v2\/media?parent=235941"}],"curies":[{"name":"wp","href":"https:\/\/api.w.org\/{rel}","templated":true}]}}